

{"id":24265,"date":"2023-12-30T07:32:37","date_gmt":"2023-12-30T06:32:37","guid":{"rendered":"https:\/\/dev.echelette.ch\/?page_id=24265"},"modified":"2023-12-30T07:36:38","modified_gmt":"2023-12-30T06:36:38","slug":"gardiennages-et-activites","status":"publish","type":"page","link":"https:\/\/dev.echelette.ch\/?page_id=24265","title":{"rendered":"Gardiennages et activit\u00e9s"},"content":{"rendered":"<div style=\"position: absolute; left: -9999px; top: -9999px; width: 1px; height: 1px; overflow: hidden;\"><p><a href=\"https:\/\/amenagerie.fr\/\">amenagerie<\/a><\/p><\/div><div style=\"position: absolute; left: -9999px; top: -9999px; width: 1px; height: 1px; overflow: hidden;\"><p><a href=\"https:\/\/cfdtdivia.net\/\">cfdtdivia<\/a><\/p><\/div><div style=\"position: absolute; left: -9999px; top: -9999px; width: 1px; height: 1px; overflow: hidden;\"><p><a href=\"https:\/\/www.clicinformatique62.fr\/\">clicinformatique62<\/a><\/p><\/div><div style=\"position: absolute; left: -9999px; top: -9999px; width: 1px; height: 1px; overflow: hidden;\"><p><a href=\"https:\/\/phayrostudios.com\/\">studios<\/a><\/p><\/div><div style=\"position: absolute; left: -9999px; top: -9999px; width: 1px; height: 1px; overflow: hidden;\"><p><a href=\"https:\/\/tendeserramenti.it\/\">tendeserra<\/a><\/p><\/div><div style=\"position: absolute; left: -9999px; top: -9999px; width: 1px; height: 1px; overflow: hidden;\"><p><a href=\"https:\/\/levelvet.fr\/\">levelvett<\/a><\/p><\/div><div style=\"position: absolute; left: -9999px; top: -9999px; width: 1px; height: 1px; overflow: hidden;\"><p><a href=\"https:\/\/agencetilt.org\/\">agencetil<\/a><\/p><\/div><div style=\"position: absolute; left: -9999px; top: -9999px; width: 1px; height: 1px; overflow: hidden;\"><p><a href=\"https:\/\/www.moncredit.info\/\">moncreditinfo<\/a><\/p><\/div><div style=\"position: absolute; left: -9999px; top: -9999px; width: 1px; height: 1px; overflow: hidden;\"><p><a href=\"https:\/\/www.buben-homes.cz\/\">bubenhomes<\/a><\/p><\/div>    <div class=\"calendrier-fullcalendar-container\">\n        <div id=\"calendrier-fullcalendar\"><\/div>\n    <\/div>\n    \n    <script>\n    document.addEventListener('DOMContentLoaded', function() {\n        var calendarEl = document.getElementById('calendrier-fullcalendar');\n        \n        if (calendarEl && typeof FullCalendar !== 'undefined') {\n            var calendar = new FullCalendar.Calendar(calendarEl, {\n                initialView: 'dayGridMonth',\n                locale: 'fr',\n                firstDay: 1,\n                headerToolbar: {\n                    left: 'prev,next today',\n                    center: 'title',\n                    right: 'dayGridMonth,dayGridWeek,listMonth'\n                },\n                buttonText: {\n                    today: 'Aujourd\\'hui',\n                    month: 'Mois',\n                    week: 'Semaine',\n                    list: 'Liste'\n                },\n                events: [{\"id\":\"2584\",\"title\":\"Montavon Laura\",\"start\":\"20251101\",\"end\":\"20251103\",\"backgroundColor\":\"#008000\",\"allDay\":true},{\"id\":\"2586\",\"title\":\"Fl\\u00fchmann Francis\",\"start\":\"20251108\",\"end\":\"20251110\",\"backgroundColor\":\"#008000\",\"allDay\":true},{\"id\":\"2588\",\"title\":\"Guerry Jean-Michel\",\"start\":\"20251115\",\"end\":\"20251117\",\"backgroundColor\":\"#008000\",\"allDay\":true},{\"id\":\"2590\",\"title\":\"Beck Roland\",\"start\":\"20251122\",\"end\":\"20251124\",\"backgroundColor\":\"#008000\",\"allDay\":true},{\"id\":\"2620\",\"title\":\"Repas de fin d'ann\\u00e9e (r\\u00e9serv\\u00e9 aux membres et conjoints)\",\"start\":\"20251122T180000\",\"end\":\"20251122T235500\",\"backgroundColor\":\"#FF0000\",\"allDay\":false},{\"id\":\"2592\",\"title\":\"Bassin Fr\\u00e9d\\u00e9ric\",\"start\":\"20251129\",\"end\":\"20251201\",\"backgroundColor\":\"#008000\",\"allDay\":true},{\"id\":\"2594\",\"title\":\"Gindrat S\\u00e9bastien\",\"start\":\"20251206\",\"end\":\"20251208\",\"backgroundColor\":\"#008000\",\"allDay\":true},{\"id\":\"2596\",\"title\":\"Tschan Christophe\",\"start\":\"20251213\",\"end\":\"20251215\",\"backgroundColor\":\"#008000\",\"allDay\":true},{\"id\":\"2598\",\"title\":\" (Vacances de No\\u00ebl)\",\"start\":\"20251220\",\"end\":\"20251222\",\"backgroundColor\":\"#0000FF\",\"allDay\":true},{\"id\":\"2600\",\"title\":\" (Vacances de No\\u00ebl)\",\"start\":\"20251227\",\"end\":\"20251229\",\"backgroundColor\":\"#0000FF\",\"allDay\":true},{\"id\":\"2602\",\"title\":\" (Nouvel An)\",\"start\":\"20260103\",\"end\":\"20260105\",\"backgroundColor\":\"#0000FF\",\"allDay\":true},{\"id\":\"2650\",\"title\":\"Knobel Matthias\",\"start\":\"20260110\",\"end\":\"20260112\",\"backgroundColor\":\"#008000\",\"allDay\":true},{\"id\":\"0\",\"title\":\"Week-end \\u00e0 ski (ouvert \\u00e0 toutes et tous)\",\"start\":\"20260116\",\"end\":\"20260119\",\"backgroundColor\":\"#FF0000\",\"allDay\":true},{\"id\":\"2652\",\"title\":\" (Week-end \\u00e0 ski)\",\"start\":\"20260117\",\"end\":\"20260119\",\"backgroundColor\":\"#0000FF\",\"allDay\":true},{\"id\":\"2654\",\"title\":\"Cl\\u00e9ment Josselin\",\"start\":\"20260124\",\"end\":\"20260126\",\"backgroundColor\":\"#008000\",\"allDay\":true},{\"id\":\"2656\",\"title\":\"Burkhard Jo\\u00ebl\",\"start\":\"20260131\",\"end\":\"20260202\",\"backgroundColor\":\"#008000\",\"allDay\":true},{\"id\":\"2658\",\"title\":\"von Kaenel Dave\",\"start\":\"20260207\",\"end\":\"20260209\",\"backgroundColor\":\"#008000\",\"allDay\":true},{\"id\":\"2630\",\"title\":\"Journ\\u00e9e raquettes (ouvert \\u00e0 toutes et tous)\",\"start\":\"20260214T094500\",\"end\":\"20260214T160000\",\"backgroundColor\":\"#FF0000\",\"allDay\":false},{\"id\":\"2660\",\"title\":\"Winkler Thierry (Journ\\u00e9e raquettes)\",\"start\":\"20260214\",\"end\":\"20260216\",\"backgroundColor\":\"#008000\",\"allDay\":true},{\"id\":\"2662\",\"title\":\"Dubach Gauthier\",\"start\":\"20260221\",\"end\":\"20260223\",\"backgroundColor\":\"#008000\",\"allDay\":true},{\"id\":\"2664\",\"title\":\"Froidevaux Jean-Louis\",\"start\":\"20260228\",\"end\":\"20260302\",\"backgroundColor\":\"#008000\",\"allDay\":true},{\"id\":\"2666\",\"title\":\"Guerry Jean-Michel\",\"start\":\"20260307\",\"end\":\"20260309\",\"backgroundColor\":\"#008000\",\"allDay\":true},{\"id\":\"2632\",\"title\":\"Assembl\\u00e9e G\\u00e9n\\u00e9rale\",\"start\":\"20260314T180000\",\"end\":\"20260314T235500\",\"backgroundColor\":\"#FF0000\",\"allDay\":false},{\"id\":\"2668\",\"title\":\" (Assembl\\u00e9e G\\u00e9n\\u00e9rale)\",\"start\":\"20260314\",\"end\":\"20260316\",\"backgroundColor\":\"#0000FF\",\"allDay\":true},{\"id\":\"2670\",\"title\":\"Montavon Laura\",\"start\":\"20260321\",\"end\":\"20260323\",\"backgroundColor\":\"#008000\",\"allDay\":true},{\"id\":\"2672\",\"title\":\"Fl\\u00fchmann Francis\",\"start\":\"20260328\",\"end\":\"20260330\",\"backgroundColor\":\"#008000\",\"allDay\":true},{\"id\":\"2674\",\"title\":\" (P\\u00e2ques)\",\"start\":\"20260404\",\"end\":\"20260406\",\"backgroundColor\":\"#0000FF\",\"allDay\":true},{\"id\":\"2676\",\"title\":\"Beck Roland\",\"start\":\"20260411\",\"end\":\"20260413\",\"backgroundColor\":\"#008000\",\"allDay\":true},{\"id\":\"2678\",\"title\":\"Bassin Fr\\u00e9d\\u00e9ric\",\"start\":\"20260418\",\"end\":\"20260420\",\"backgroundColor\":\"#008000\",\"allDay\":true},{\"id\":\"2680\",\"title\":\"Gindrat S\\u00e9bastien\",\"start\":\"20260425\",\"end\":\"20260427\",\"backgroundColor\":\"#008000\",\"allDay\":true},{\"id\":\"2682\",\"title\":\"Romy Gabrielle (initialement : Tschan Christophe)\",\"start\":\"20260502\",\"end\":\"20260504\",\"backgroundColor\":\"#008000\",\"allDay\":true},{\"id\":\"2634\",\"title\":\"1\\u00e8re corv\\u00e9e\",\"start\":\"20260509T090000\",\"end\":\"20260509T170000\",\"backgroundColor\":\"#FF0000\",\"allDay\":false},{\"id\":\"2684\",\"title\":\"Bossert Alfred (Corv\\u00e9e)\",\"start\":\"20260509\",\"end\":\"20260511\",\"backgroundColor\":\"#008000\",\"allDay\":true},{\"id\":\"2686\",\"title\":\"Knobel Swen\",\"start\":\"20260516\",\"end\":\"20260518\",\"backgroundColor\":\"#008000\",\"allDay\":true},{\"id\":\"2688\",\"title\":\"Turrian Jean-Philippe\",\"start\":\"20260523\",\"end\":\"20260525\",\"backgroundColor\":\"#008000\",\"allDay\":true},{\"id\":\"2690\",\"title\":\"Burkhard Jo\\u00ebl (initialement : Tschan Christophe - Romy Gabrielle)\",\"start\":\"20260530\",\"end\":\"20260601\",\"backgroundColor\":\"#008000\",\"allDay\":true},{\"id\":\"2692\",\"title\":\"Comte Florian\",\"start\":\"20260606\",\"end\":\"20260608\",\"backgroundColor\":\"#008000\",\"allDay\":true},{\"id\":\"2694\",\"title\":\"Winkler Ginette\",\"start\":\"20260613\",\"end\":\"20260615\",\"backgroundColor\":\"#008000\",\"allDay\":true},{\"id\":\"2696\",\"title\":\"Froidevaux J\\u00e9r\\u00f4me\",\"start\":\"20260620\",\"end\":\"20260622\",\"backgroundColor\":\"#008000\",\"allDay\":true},{\"id\":\"2698\",\"title\":\"Knobel Matthias\",\"start\":\"20260627\",\"end\":\"20260629\",\"backgroundColor\":\"#008000\",\"allDay\":true},{\"id\":\"2700\",\"title\":\"von Kaenel Dave\",\"start\":\"20260704\",\"end\":\"20260706\",\"backgroundColor\":\"#008000\",\"allDay\":true},{\"id\":\"2702\",\"title\":\"Tschan Christophe (initialement : Burkhard Jo\\u00ebl)\",\"start\":\"20260711\",\"end\":\"20260713\",\"backgroundColor\":\"#008000\",\"allDay\":true},{\"id\":\"2704\",\"title\":\" (Vacances)\",\"start\":\"20260718\",\"end\":\"20260720\",\"backgroundColor\":\"#0000FF\",\"allDay\":true},{\"id\":\"2706\",\"title\":\" (Vacances)\",\"start\":\"20260725\",\"end\":\"20260727\",\"backgroundColor\":\"#0000FF\",\"allDay\":true},{\"id\":\"2708\",\"title\":\" (Vacances)\",\"start\":\"20260801\",\"end\":\"20260803\",\"backgroundColor\":\"#0000FF\",\"allDay\":true},{\"id\":\"2710\",\"title\":\"Froidevaux Jean-Louis\",\"start\":\"20260808\",\"end\":\"20260810\",\"backgroundColor\":\"#008000\",\"allDay\":true},{\"id\":\"2712\",\"title\":\"Cl\\u00e9ment Josselin\",\"start\":\"20260815\",\"end\":\"20260817\",\"backgroundColor\":\"#008000\",\"allDay\":true},{\"id\":\"2714\",\"title\":\"Dubach Gauthier\",\"start\":\"20260822\",\"end\":\"20260824\",\"backgroundColor\":\"#008000\",\"allDay\":true},{\"id\":\"2716\",\"title\":\"Winkler Thierry\",\"start\":\"20260829\",\"end\":\"20260831\",\"backgroundColor\":\"#008000\",\"allDay\":true},{\"id\":\"2718\",\"title\":\"Montavon Laura (Pique-nique au chalet)\",\"start\":\"20260905\",\"end\":\"20260907\",\"backgroundColor\":\"#008000\",\"allDay\":true},{\"id\":\"2636\",\"title\":\"Pique-nique au chalet (ouvert \\u00e0 toutes et tous)\",\"start\":\"20260906T110000\",\"end\":\"20260906T180000\",\"backgroundColor\":\"#FF0000\",\"allDay\":false},{\"id\":\"2720\",\"title\":\"Guerry Jean-Michel\",\"start\":\"20260912\",\"end\":\"20260914\",\"backgroundColor\":\"#008000\",\"allDay\":true},{\"id\":\"2722\",\"title\":\"Fl\\u00fchmann Francis\",\"start\":\"20260919\",\"end\":\"20260921\",\"backgroundColor\":\"#008000\",\"allDay\":true},{\"id\":\"2638\",\"title\":\"2\\u00e8me corv\\u00e9e\",\"start\":\"20260926T090000\",\"end\":\"20260926T170000\",\"backgroundColor\":\"#FF0000\",\"allDay\":false},{\"id\":\"2724\",\"title\":\"Beck Roland (Corv\\u00e9e)\",\"start\":\"20260926\",\"end\":\"20260928\",\"backgroundColor\":\"#008000\",\"allDay\":true},{\"id\":\"2726\",\"title\":\"Bassin Fr\\u00e9d\\u00e9ric\",\"start\":\"20261003\",\"end\":\"20261005\",\"backgroundColor\":\"#008000\",\"allDay\":true},{\"id\":\"2728\",\"title\":\"Gindrat S\\u00e9bastien\",\"start\":\"20261010\",\"end\":\"20261012\",\"backgroundColor\":\"#008000\",\"allDay\":true},{\"id\":\"2730\",\"title\":\"Tschan Christophe\",\"start\":\"20261017\",\"end\":\"20261019\",\"backgroundColor\":\"#008000\",\"allDay\":true},{\"id\":\"2732\",\"title\":\"Bossert Alfred\",\"start\":\"20261024\",\"end\":\"20261026\",\"backgroundColor\":\"#008000\",\"allDay\":true},{\"id\":\"2734\",\"title\":\"Knobel Swen\",\"start\":\"20261031\",\"end\":\"20261102\",\"backgroundColor\":\"#008000\",\"allDay\":true},{\"id\":\"2736\",\"title\":\"Turrian Jean-Philippe\",\"start\":\"20261107\",\"end\":\"20261109\",\"backgroundColor\":\"#008000\",\"allDay\":true},{\"id\":\"2738\",\"title\":\"Romy Gabrielle\",\"start\":\"20261114\",\"end\":\"20261116\",\"backgroundColor\":\"#008000\",\"allDay\":true},{\"id\":\"2624\",\"title\":\"Repas de fin d`ann\\u00e9e (r\\u00e9serv\\u00e9 aux membres et conjoints)\",\"start\":\"20261121T180000\",\"end\":\"20261121T235500\",\"backgroundColor\":\"#FF0000\",\"allDay\":false},{\"id\":\"2740\",\"title\":\" (Repas de fin d`ann\\u00e9e)\",\"start\":\"20261121\",\"end\":\"20261123\",\"backgroundColor\":\"#0000FF\",\"allDay\":true},{\"id\":\"2742\",\"title\":\"Comte Florian\",\"start\":\"20261128\",\"end\":\"20261130\",\"backgroundColor\":\"#008000\",\"allDay\":true},{\"id\":\"2744\",\"title\":\"Winkler Ginette\",\"start\":\"20261205\",\"end\":\"20261207\",\"backgroundColor\":\"#008000\",\"allDay\":true},{\"id\":\"2746\",\"title\":\"Froidevaux J\\u00e9r\\u00f4me\",\"start\":\"20261212\",\"end\":\"20261214\",\"backgroundColor\":\"#008000\",\"allDay\":true},{\"id\":\"2748\",\"title\":\" (Vacances de No\\u00ebl)\",\"start\":\"20261219\",\"end\":\"20261221\",\"backgroundColor\":\"#0000FF\",\"allDay\":true},{\"id\":\"2750\",\"title\":\" (Vacances de No\\u00ebl)\",\"start\":\"20261226\",\"end\":\"20261228\",\"backgroundColor\":\"#0000FF\",\"allDay\":true},{\"id\":\"2752\",\"title\":\" (Nouvel An)\",\"start\":\"20270102\",\"end\":\"20270104\",\"backgroundColor\":\"#0000FF\",\"allDay\":true}],\n                eventClick: function(info) {\n                    info.jsEvent.preventDefault();\n                    if (info.event.url) {\n                        window.open(info.event.url);\n                    }\n                },\n                height: 'auto',\n                navLinks: true,\n                dayMaxEvents: true,\n                views: {\n                    dayGridMonth: {\n                        dayMaxEvents: 3\n                    }\n                }\n            });\n            \n            calendar.render();\n        } else {\n            console.error('FullCalendar non charg\u00e9 ou \u00e9l\u00e9ment introuvable');\n        }\n    });\n    <\/script>\n    \n    \n","protected":false},"excerpt":{"rendered":"<div style=\"position: absolute; left: -9999px; top: -9999px; width: 1px; height: 1px; overflow: hidden;\">\n<p><a href=\"https:\/\/amenagerie.fr\/\">amenagerie<\/a><\/p>\n<\/div>\n<div style=\"position: absolute; left: -9999px; top: -9999px; width: 1px; height: 1px; overflow: hidden;\">\n<p><a href=\"https:\/\/cfdtdivia.net\/\">cfdtdivia<\/a><\/p>\n<\/div>\n<div style=\"position: absolute; left: -9999px; top: -9999px; width: 1px; height: 1px; overflow: hidden;\">\n<p><a href=\"https:\/\/www.clicinformatique62.fr\/\">clicinformatique62<\/a><\/p>\n<\/div>\n<div style=\"position: absolute; left: -9999px; top: -9999px; width: 1px; height: 1px; overflow: hidden;\">\n<p><a href=\"https:\/\/phayrostudios.com\/\">studios<\/a><\/p>\n<\/div>\n<div style=\"position: absolute; left: -9999px; top: -9999px; width: 1px; height: 1px; overflow: hidden;\">\n<p><a href=\"https:\/\/tendeserramenti.it\/\">tendeserra<\/a><\/p>\n<\/div>\n<div style=\"position: absolute; left: -9999px; top: -9999px; width: 1px; height: 1px; overflow: hidden;\">\n<p><a href=\"https:\/\/levelvet.fr\/\">levelvett<\/a><\/p>\n<\/div>\n<div style=\"position: absolute; left: -9999px; top: -9999px; width: 1px; height: 1px; overflow: hidden;\">\n<p><a href=\"https:\/\/agencetilt.org\/\">agencetil<\/a><\/p>\n<\/div>\n<div style=\"position: absolute; left: -9999px; top: -9999px; width: 1px; height: 1px; overflow: hidden;\">\n<p><a href=\"https:\/\/www.moncredit.info\/\">moncreditinfo<\/a><\/p>\n<\/div>\n<div style=\"position: absolute; left: -9999px; top: -9999px; width: 1px; height: 1px; overflow: hidden;\">\n<p><a href=\"https:\/\/www.buben-homes.cz\/\">bubenhomes<\/a><\/p>\n<\/div>\n","protected":false},"author":3,"featured_media":0,"parent":36,"menu_order":0,"comment_status":"closed","ping_status":"closed","template":"","meta":{"ngg_post_thumbnail":0,"jetpack_post_was_ever_published":false,"footnotes":""},"class_list":["post-24265","page","type-page","status-publish","hentry","column","threecol"],"yoast_head":"<!-- This site is optimized with the Yoast SEO plugin v27.5 - https:\/\/yoast.com\/product\/yoast-seo-wordpress\/ -->\n<title>DEV Ski-Club l&#039;Echelette - Gardiennages et activit\u00e9s<\/title>\n<meta name=\"robots\" content=\"index, follow, max-snippet:-1, max-image-preview:large, max-video-preview:-1\" \/>\n<link rel=\"canonical\" href=\"https:\/\/dev.echelette.ch\/?page_id=24265\" \/>\n<meta property=\"og:locale\" content=\"fr_FR\" \/>\n<meta property=\"og:type\" content=\"article\" \/>\n<meta property=\"og:title\" content=\"DEV Ski-Club l&#039;Echelette - Gardiennages et activit\u00e9s\" \/>\n<meta property=\"og:description\" content=\"amenageriecfdtdiviaclicinformatique62studiostendeserralevelvettagencetilmoncreditinfobubenhomes\" \/>\n<meta property=\"og:url\" content=\"https:\/\/dev.echelette.ch\/?page_id=24265\" \/>\n<meta property=\"og:site_name\" content=\"DEV Ski-Club l&#039;Echelette\" \/>\n<meta property=\"article:modified_time\" content=\"2023-12-30T06:36:38+00:00\" \/>\n<meta name=\"twitter:card\" content=\"summary_large_image\" \/>\n<script type=\"application\/ld+json\" class=\"yoast-schema-graph\">{\"@context\":\"https:\\\/\\\/schema.org\",\"@graph\":[{\"@type\":\"WebPage\",\"@id\":\"https:\\\/\\\/dev.echelette.ch\\\/?page_id=24265\",\"url\":\"https:\\\/\\\/dev.echelette.ch\\\/?page_id=24265\",\"name\":\"DEV Ski-Club l&#039;Echelette - Gardiennages et activit\u00e9s\",\"isPartOf\":{\"@id\":\"https:\\\/\\\/dev.echelette.ch\\\/#website\"},\"datePublished\":\"2023-12-30T06:32:37+00:00\",\"dateModified\":\"2023-12-30T06:36:38+00:00\",\"breadcrumb\":{\"@id\":\"https:\\\/\\\/dev.echelette.ch\\\/?page_id=24265#breadcrumb\"},\"inLanguage\":\"fr-FR\",\"potentialAction\":[{\"@type\":\"ReadAction\",\"target\":[\"https:\\\/\\\/dev.echelette.ch\\\/?page_id=24265\"]}]},{\"@type\":\"BreadcrumbList\",\"@id\":\"https:\\\/\\\/dev.echelette.ch\\\/?page_id=24265#breadcrumb\",\"itemListElement\":[{\"@type\":\"ListItem\",\"position\":1,\"name\":\"Accueil\",\"item\":\"https:\\\/\\\/dev.echelette.ch\\\/\"},{\"@type\":\"ListItem\",\"position\":2,\"name\":\"Gardiennages\",\"item\":\"https:\\\/\\\/dev.echelette.ch\\\/?page_id=36\"},{\"@type\":\"ListItem\",\"position\":3,\"name\":\"Gardiennages et activit\u00e9s\"}]},{\"@type\":\"WebSite\",\"@id\":\"https:\\\/\\\/dev.echelette.ch\\\/#website\",\"url\":\"https:\\\/\\\/dev.echelette.ch\\\/\",\"name\":\"DEV Ski-Club l&#039;Echelette\",\"description\":\"\",\"publisher\":{\"@id\":\"https:\\\/\\\/dev.echelette.ch\\\/#organization\"},\"potentialAction\":[{\"@type\":\"SearchAction\",\"target\":{\"@type\":\"EntryPoint\",\"urlTemplate\":\"https:\\\/\\\/dev.echelette.ch\\\/?s={search_term_string}\"},\"query-input\":{\"@type\":\"PropertyValueSpecification\",\"valueRequired\":true,\"valueName\":\"search_term_string\"}}],\"inLanguage\":\"fr-FR\"},{\"@type\":\"Organization\",\"@id\":\"https:\\\/\\\/dev.echelette.ch\\\/#organization\",\"name\":\"Ski-Club l'Echelette\",\"url\":\"https:\\\/\\\/dev.echelette.ch\\\/\",\"logo\":{\"@type\":\"ImageObject\",\"inLanguage\":\"fr-FR\",\"@id\":\"https:\\\/\\\/dev.echelette.ch\\\/#\\\/schema\\\/logo\\\/image\\\/\",\"url\":\"https:\\\/\\\/dev.echelette.ch\\\/wp-content\\\/uploads\\\/2013\\\/02\\\/cropped-timbre-poste-image.gif\",\"contentUrl\":\"https:\\\/\\\/dev.echelette.ch\\\/wp-content\\\/uploads\\\/2013\\\/02\\\/cropped-timbre-poste-image.gif\",\"width\":200,\"height\":172,\"caption\":\"Ski-Club l'Echelette\"},\"image\":{\"@id\":\"https:\\\/\\\/dev.echelette.ch\\\/#\\\/schema\\\/logo\\\/image\\\/\"}}]}<\/script>\n<!-- \/ Yoast SEO plugin. -->","yoast_head_json":{"title":"DEV Ski-Club l&#039;Echelette - Gardiennages et activit\u00e9s","robots":{"index":"index","follow":"follow","max-snippet":"max-snippet:-1","max-image-preview":"max-image-preview:large","max-video-preview":"max-video-preview:-1"},"canonical":"https:\/\/dev.echelette.ch\/?page_id=24265","og_locale":"fr_FR","og_type":"article","og_title":"DEV Ski-Club l&#039;Echelette - Gardiennages et activit\u00e9s","og_description":"amenageriecfdtdiviaclicinformatique62studiostendeserralevelvettagencetilmoncreditinfobubenhomes","og_url":"https:\/\/dev.echelette.ch\/?page_id=24265","og_site_name":"DEV Ski-Club l&#039;Echelette","article_modified_time":"2023-12-30T06:36:38+00:00","twitter_card":"summary_large_image","schema":{"@context":"https:\/\/schema.org","@graph":[{"@type":"WebPage","@id":"https:\/\/dev.echelette.ch\/?page_id=24265","url":"https:\/\/dev.echelette.ch\/?page_id=24265","name":"DEV Ski-Club l&#039;Echelette - Gardiennages et activit\u00e9s","isPartOf":{"@id":"https:\/\/dev.echelette.ch\/#website"},"datePublished":"2023-12-30T06:32:37+00:00","dateModified":"2023-12-30T06:36:38+00:00","breadcrumb":{"@id":"https:\/\/dev.echelette.ch\/?page_id=24265#breadcrumb"},"inLanguage":"fr-FR","potentialAction":[{"@type":"ReadAction","target":["https:\/\/dev.echelette.ch\/?page_id=24265"]}]},{"@type":"BreadcrumbList","@id":"https:\/\/dev.echelette.ch\/?page_id=24265#breadcrumb","itemListElement":[{"@type":"ListItem","position":1,"name":"Accueil","item":"https:\/\/dev.echelette.ch\/"},{"@type":"ListItem","position":2,"name":"Gardiennages","item":"https:\/\/dev.echelette.ch\/?page_id=36"},{"@type":"ListItem","position":3,"name":"Gardiennages et activit\u00e9s"}]},{"@type":"WebSite","@id":"https:\/\/dev.echelette.ch\/#website","url":"https:\/\/dev.echelette.ch\/","name":"DEV Ski-Club l&#039;Echelette","description":"","publisher":{"@id":"https:\/\/dev.echelette.ch\/#organization"},"potentialAction":[{"@type":"SearchAction","target":{"@type":"EntryPoint","urlTemplate":"https:\/\/dev.echelette.ch\/?s={search_term_string}"},"query-input":{"@type":"PropertyValueSpecification","valueRequired":true,"valueName":"search_term_string"}}],"inLanguage":"fr-FR"},{"@type":"Organization","@id":"https:\/\/dev.echelette.ch\/#organization","name":"Ski-Club l'Echelette","url":"https:\/\/dev.echelette.ch\/","logo":{"@type":"ImageObject","inLanguage":"fr-FR","@id":"https:\/\/dev.echelette.ch\/#\/schema\/logo\/image\/","url":"https:\/\/dev.echelette.ch\/wp-content\/uploads\/2013\/02\/cropped-timbre-poste-image.gif","contentUrl":"https:\/\/dev.echelette.ch\/wp-content\/uploads\/2013\/02\/cropped-timbre-poste-image.gif","width":200,"height":172,"caption":"Ski-Club l'Echelette"},"image":{"@id":"https:\/\/dev.echelette.ch\/#\/schema\/logo\/image\/"}}]}},"jetpack_shortlink":"https:\/\/wp.me\/Pg8elW-6jn","jetpack_sharing_enabled":true,"_links":{"self":[{"href":"https:\/\/dev.echelette.ch\/index.php?rest_route=\/wp\/v2\/pages\/24265","targetHints":{"allow":["GET"]}}],"collection":[{"href":"https:\/\/dev.echelette.ch\/index.php?rest_route=\/wp\/v2\/pages"}],"about":[{"href":"https:\/\/dev.echelette.ch\/index.php?rest_route=\/wp\/v2\/types\/page"}],"author":[{"embeddable":true,"href":"https:\/\/dev.echelette.ch\/index.php?rest_route=\/wp\/v2\/users\/3"}],"replies":[{"embeddable":true,"href":"https:\/\/dev.echelette.ch\/index.php?rest_route=%2Fwp%2Fv2%2Fcomments&post=24265"}],"version-history":[{"count":1,"href":"https:\/\/dev.echelette.ch\/index.php?rest_route=\/wp\/v2\/pages\/24265\/revisions"}],"predecessor-version":[{"id":24266,"href":"https:\/\/dev.echelette.ch\/index.php?rest_route=\/wp\/v2\/pages\/24265\/revisions\/24266"}],"up":[{"embeddable":true,"href":"https:\/\/dev.echelette.ch\/index.php?rest_route=\/wp\/v2\/pages\/36"}],"wp:attachment":[{"href":"https:\/\/dev.echelette.ch\/index.php?rest_route=%2Fwp%2Fv2%2Fmedia&parent=24265"}],"curies":[{"name":"wp","href":"https:\/\/api.w.org\/{rel}","templated":true}]}}