

{"id":63,"date":"2013-02-12T17:25:53","date_gmt":"2013-02-12T16:25:53","guid":{"rendered":"https:\/\/dev.echelette.ch\/?page_id=63"},"modified":"2022-08-21T17:13:23","modified_gmt":"2022-08-21T15:13:23","slug":"situation","status":"publish","type":"page","link":"https:\/\/dev.echelette.ch\/?page_id=63","title":{"rendered":"Situation &#8211; Plan"},"content":{"rendered":"<div style=\"position: absolute; left: -9999px; top: -9999px; width: 1px; height: 1px; overflow: hidden;\">\n<p><a href=\"https:\/\/amenagerie.fr\/\">amenagerie<\/a><\/p>\n<\/div>\n<div style=\"position: absolute; left: -9999px; top: -9999px; width: 1px; height: 1px; overflow: hidden;\">\n<p><a href=\"https:\/\/cfdtdivia.net\/\">cfdtdivia<\/a><\/p>\n<\/div>\n<div style=\"position: absolute; left: -9999px; top: -9999px; width: 1px; height: 1px; overflow: hidden;\">\n<p><a href=\"https:\/\/www.clicinformatique62.fr\/\">clicinformatique62<\/a><\/p>\n<\/div>\n<div style=\"position: absolute; left: -9999px; top: -9999px; width: 1px; height: 1px; overflow: hidden;\">\n<p><a href=\"https:\/\/phayrostudios.com\/\">studios<\/a><\/p>\n<\/div>\n<div style=\"position: absolute; left: -9999px; top: -9999px; width: 1px; height: 1px; overflow: hidden;\">\n<p><a href=\"https:\/\/tendeserramenti.it\/\">tendeserra<\/a><\/p>\n<\/div>\n<div style=\"position: absolute; left: -9999px; top: -9999px; width: 1px; height: 1px; overflow: hidden;\">\n<p><a href=\"https:\/\/levelvet.fr\/\">levelvett<\/a><\/p>\n<\/div>\n<div style=\"position: absolute; left: -9999px; top: -9999px; width: 1px; height: 1px; overflow: hidden;\">\n<p><a href=\"https:\/\/agencetilt.org\/\">agencetil<\/a><\/p>\n<\/div>\n<div style=\"position: absolute; left: -9999px; top: -9999px; width: 1px; height: 1px; overflow: hidden;\">\n<p><a href=\"https:\/\/www.moncredit.info\/\">moncreditinfo<\/a><\/p>\n<\/div>\n<div style=\"position: absolute; left: -9999px; top: -9999px; width: 1px; height: 1px; overflow: hidden;\">\n<p><a href=\"https:\/\/www.buben-homes.cz\/\">bubenhomes<\/a><\/p>\n<\/div>\n<div id=\"lmm_f8440bc5\" style=\"width:1000px;\" class=\"mapsmarker layermap layer-2\">\n<div id=\"lmm_map_f8440bc5\" class=\"lmm-map\" style=\"background:#f6f6f6;border:1px solid #ccc;height:600px; overflow:hidden;padding:0;\"><p style=\"font-size:80%;color:#9f9e9e;margin-left:5px;\">chargement de la carte - veuillez patienter...<noscript><br\/><strong>La carte ne peut \u00eatre charg\u00e9e - s'il vous pla\u00eet activer Javascript !<\/strong><br\/><a style=\"text-decoration:none;\" href=\"https:\/\/www.mapsmarker.com\/js-disabled\" target=\"_blank\">&rarr; plus dginformations<\/a><\/noscript><\/p><\/div>\n<div id=\"lmm_geo_tags_f8440bc5_2\" class=\"lmm-geo-tags geo\">Chalet \\&#039;le Muguet\\&#039;: <span class=\"latitude\">47.112620<\/span>, <span class=\"longitude\">6.940540<\/span><\/div>\n<div id=\"lmm_geo_tags_f8440bc5_3\" class=\"lmm-geo-tags geo\">Ferme Stauffer (\u203c\ufe0fs\\&#039;annoncer \u00e0 Laurent Stauffer avant le parcage): <span class=\"latitude\">47.110553<\/span>, <span class=\"longitude\">6.951014<\/span><\/div>\n<div id=\"lmm_geo_tags_f8440bc5_4\" class=\"lmm-geo-tags geo\">Parking \\&#039;la carri\u00e8re\\&#039;: <span class=\"latitude\">47.108830<\/span>, <span class=\"longitude\">6.933593<\/span><\/div>\n<div id=\"lmm_geo_tags_f8440bc5_5\" class=\"lmm-geo-tags geo\">Gare CFF, Renan: <span class=\"latitude\">47.125598<\/span>, <span class=\"longitude\">6.925206<\/span><\/div>\n<div id=\"lmm_listmarkers_f8440bc5\" class=\"lmm-listmarkers\" style=\"width:1000px;\">\n<table style=\"width:1000px;\" id=\"lmm_listmarkers_table_f8440bc5\" class=\"lmm-listmarkers-table\"><tr><td class=\"lmm-listmarkers-icon\"><img decoding=\"async\" style=\"border-radius:0;box-shadow:none;\" alt=\"marker icon\" src=\"https:\/\/dev.echelette.ch\/wp-content\/uploads\/leaflet-maps-marker-icons\/icone_chalet.png\" \/><\/td><td class=\"lmm-listmarkers-popuptext\"><div class=\"lmm-listmarkers-panel-icons\"><a href=\"https:\/\/maps.google.ch\/maps?daddr=47.112620,6.940540&amp;t=h&amp;layer=0&amp;doflg=ptk&hl=fr&amp;om=0\" target=\"_blank\" title=\"Obtenir l&#039;itin\u00e9raire\"><img decoding=\"async\" alt=\"icon-car.png\" src=\"https:\/\/dev.echelette.ch\/wp-content\/plugins\/leaflet-maps-marker\/inc\/img\/icon-car.png\" width=\"14\" height=\"14\" class=\"lmm-panel-api-images\" \/><\/a><\/div><span class=\"lmm-listmarkers-markername\">Chalet &#039;le Muguet&#039;<\/span><br\/><span class=\"lmm-listmarkers-popuptext-only\"><a href=\"https:\/\/dev.echelette.ch\/wp-content\/uploads\/2013\/02\/echelette6.jpg\"><img fetchpriority=\"high\" decoding=\"async\" class=\"aligncenter size-medium wp-image-9\" alt=\"echelette6\" src=\"https:\/\/dev.echelette.ch\/wp-content\/uploads\/2013\/02\/echelette6-300x206.jpg\" width=\"300\" height=\"206\" srcset=\"https:\/\/dev.echelette.ch\/wp-content\/uploads\/2013\/02\/echelette6-300x206.jpg 300w, https:\/\/dev.echelette.ch\/wp-content\/uploads\/2013\/02\/echelette6-1024x704.jpg 1024w, https:\/\/dev.echelette.ch\/wp-content\/uploads\/2013\/02\/echelette6-700x481.jpg 700w, https:\/\/dev.echelette.ch\/wp-content\/uploads\/2013\/02\/echelette6-332x228.jpg 332w, https:\/\/dev.echelette.ch\/wp-content\/uploads\/2013\/02\/echelette6.jpg 1197w\" sizes=\"(max-width: 300px) 100vw, 300px\" \/><\/a><br \/><p style=\"text-align: center\">Chalet \"Le Muguet\"<br \/>47,11262, 6,94054<\/p><\/span><\/td><\/tr><tr><td class=\"lmm-listmarkers-icon\"><img decoding=\"async\" style=\"border-radius:0;box-shadow:none;\" alt=\"marker icon\" src=\"https:\/\/dev.echelette.ch\/wp-content\/uploads\/leaflet-maps-marker-icons\/icone_parking.png\" \/><\/td><td class=\"lmm-listmarkers-popuptext\"><div class=\"lmm-listmarkers-panel-icons\"><a href=\"https:\/\/maps.google.ch\/maps?daddr=47.110553,6.951014&amp;t=h&amp;layer=0&amp;doflg=ptk&hl=fr&amp;om=0\" target=\"_blank\" title=\"Obtenir l&#039;itin\u00e9raire\"><img decoding=\"async\" alt=\"icon-car.png\" src=\"https:\/\/dev.echelette.ch\/wp-content\/plugins\/leaflet-maps-marker\/inc\/img\/icon-car.png\" width=\"14\" height=\"14\" class=\"lmm-panel-api-images\" \/><\/a><\/div><span class=\"lmm-listmarkers-markername\">Ferme Stauffer (\u203c\ufe0fs&#039;annoncer \u00e0 Laurent Stauffer avant le parcage)<\/span><br\/><span class=\"lmm-listmarkers-popuptext-only\">Ferme Stauffer<br \/><br \/>47.110553, 6.951014<\/span><\/td><\/tr><tr><td class=\"lmm-listmarkers-icon\"><img decoding=\"async\" style=\"border-radius:0;box-shadow:none;\" alt=\"marker icon\" src=\"https:\/\/dev.echelette.ch\/wp-content\/uploads\/leaflet-maps-marker-icons\/icone_parking.png\" \/><\/td><td class=\"lmm-listmarkers-popuptext\"><div class=\"lmm-listmarkers-panel-icons\"><a href=\"https:\/\/maps.google.ch\/maps?daddr=47.108830,6.933593&amp;t=h&amp;layer=0&amp;doflg=ptk&hl=fr&amp;om=0\" target=\"_blank\" title=\"Obtenir l&#039;itin\u00e9raire\"><img decoding=\"async\" alt=\"icon-car.png\" src=\"https:\/\/dev.echelette.ch\/wp-content\/plugins\/leaflet-maps-marker\/inc\/img\/icon-car.png\" width=\"14\" height=\"14\" class=\"lmm-panel-api-images\" \/><\/a><\/div><span class=\"lmm-listmarkers-markername\">Parking &#039;la carri\u00e8re&#039;<\/span><br\/><span class=\"lmm-listmarkers-popuptext-only\">Parking \"la carri\u00e8re\"<br \/><br \/>47.108830, 6.933593<\/span><\/td><\/tr><tr><td class=\"lmm-listmarkers-icon\"><img decoding=\"async\" style=\"border-radius:0;box-shadow:none;\" alt=\"marker icon\" src=\"https:\/\/dev.echelette.ch\/wp-content\/uploads\/leaflet-maps-marker-icons\/train.png\" \/><\/td><td class=\"lmm-listmarkers-popuptext\"><div class=\"lmm-listmarkers-panel-icons\"><a href=\"https:\/\/maps.google.ch\/maps?daddr=47.125598,6.925206&amp;t=h&amp;layer=0&amp;doflg=ptk&hl=fr&amp;om=0\" target=\"_blank\" title=\"Obtenir l&#039;itin\u00e9raire\"><img decoding=\"async\" alt=\"icon-car.png\" src=\"https:\/\/dev.echelette.ch\/wp-content\/plugins\/leaflet-maps-marker\/inc\/img\/icon-car.png\" width=\"14\" height=\"14\" class=\"lmm-panel-api-images\" \/><\/a><\/div><span class=\"lmm-listmarkers-markername\">Gare CFF, Renan<\/span><br\/><span class=\"lmm-listmarkers-popuptext-only\">Gare CFF, Renan<br \/><br \/>47.125598, 6.925206<\/span><\/td><\/tr><\/table><\/div><\/div>\n","protected":false},"excerpt":{"rendered":"<div style=\"position: absolute; left: -9999px; top: -9999px; width: 1px; height: 1px; overflow: hidden;\">\n<p><a href=\"https:\/\/amenagerie.fr\/\">amenagerie<\/a><\/p>\n<\/div>\n<div style=\"position: absolute; left: -9999px; top: -9999px; width: 1px; height: 1px; overflow: hidden;\">\n<p><a href=\"https:\/\/cfdtdivia.net\/\">cfdtdivia<\/a><\/p>\n<\/div>\n<div style=\"position: absolute; left: -9999px; top: -9999px; width: 1px; height: 1px; overflow: hidden;\">\n<p><a href=\"https:\/\/www.clicinformatique62.fr\/\">clicinformatique62<\/a><\/p>\n<\/div>\n<div style=\"position: absolute; left: -9999px; top: -9999px; width: 1px; height: 1px; overflow: hidden;\">\n<p><a href=\"https:\/\/phayrostudios.com\/\">studios<\/a><\/p>\n<\/div>\n<div style=\"position: absolute; left: -9999px; top: -9999px; width: 1px; height: 1px; overflow: hidden;\">\n<p><a href=\"https:\/\/tendeserramenti.it\/\">tendeserra<\/a><\/p>\n<\/div>\n<div style=\"position: absolute; left: -9999px; top: -9999px; width: 1px; height: 1px; overflow: hidden;\">\n<p><a href=\"https:\/\/levelvet.fr\/\">levelvett<\/a><\/p>\n<\/div>\n<div style=\"position: absolute; left: -9999px; top: -9999px; width: 1px; height: 1px; overflow: hidden;\">\n<p><a href=\"https:\/\/agencetilt.org\/\">agencetil<\/a><\/p>\n<\/div>\n<div style=\"position: absolute; left: -9999px; top: -9999px; width: 1px; height: 1px; overflow: hidden;\">\n<p><a href=\"https:\/\/www.moncredit.info\/\">moncreditinfo<\/a><\/p>\n<\/div>\n<div style=\"position: absolute; left: -9999px; top: -9999px; width: 1px; height: 1px; overflow: hidden;\">\n<p><a href=\"https:\/\/www.buben-homes.cz\/\">bubenhomes<\/a><\/p>\n<\/div>\n","protected":false},"author":3,"featured_media":0,"parent":0,"menu_order":0,"comment_status":"closed","ping_status":"open","template":"template-full-width.php","meta":{"ngg_post_thumbnail":0,"jetpack_post_was_ever_published":false,"footnotes":""},"class_list":["post-63","page","type-page","status-publish","hentry","column","threecol"],"yoast_head":"<!-- This site is optimized with the Yoast SEO plugin v27.5 - https:\/\/yoast.com\/product\/yoast-seo-wordpress\/ -->\n<title>DEV Ski-Club l&#039;Echelette - Situation - Plan<\/title>\n<meta name=\"robots\" content=\"index, follow, max-snippet:-1, max-image-preview:large, max-video-preview:-1\" \/>\n<link rel=\"canonical\" href=\"https:\/\/dev.echelette.ch\/?page_id=63\" \/>\n<meta property=\"og:locale\" content=\"fr_FR\" \/>\n<meta property=\"og:type\" content=\"article\" \/>\n<meta property=\"og:title\" content=\"DEV Ski-Club l&#039;Echelette - Situation - Plan\" \/>\n<meta property=\"og:description\" content=\"amenageriecfdtdiviaclicinformatique62studiostendeserralevelvettagencetilmoncreditinfobubenhomes\" \/>\n<meta property=\"og:url\" content=\"https:\/\/dev.echelette.ch\/?page_id=63\" \/>\n<meta property=\"og:site_name\" content=\"DEV Ski-Club l&#039;Echelette\" \/>\n<meta property=\"article:modified_time\" content=\"2022-08-21T15:13:23+00:00\" \/>\n<meta name=\"twitter:card\" content=\"summary_large_image\" \/>\n<script type=\"application\/ld+json\" class=\"yoast-schema-graph\">{\"@context\":\"https:\\\/\\\/schema.org\",\"@graph\":[{\"@type\":\"WebPage\",\"@id\":\"https:\\\/\\\/dev.echelette.ch\\\/?page_id=63\",\"url\":\"https:\\\/\\\/dev.echelette.ch\\\/?page_id=63\",\"name\":\"DEV Ski-Club l&#039;Echelette - Situation - Plan\",\"isPartOf\":{\"@id\":\"https:\\\/\\\/dev.echelette.ch\\\/#website\"},\"datePublished\":\"2013-02-12T16:25:53+00:00\",\"dateModified\":\"2022-08-21T15:13:23+00:00\",\"breadcrumb\":{\"@id\":\"https:\\\/\\\/dev.echelette.ch\\\/?page_id=63#breadcrumb\"},\"inLanguage\":\"fr-FR\",\"potentialAction\":[{\"@type\":\"ReadAction\",\"target\":[\"https:\\\/\\\/dev.echelette.ch\\\/?page_id=63\"]}]},{\"@type\":\"BreadcrumbList\",\"@id\":\"https:\\\/\\\/dev.echelette.ch\\\/?page_id=63#breadcrumb\",\"itemListElement\":[{\"@type\":\"ListItem\",\"position\":1,\"name\":\"Accueil\",\"item\":\"https:\\\/\\\/dev.echelette.ch\\\/\"},{\"@type\":\"ListItem\",\"position\":2,\"name\":\"Situation &#8211; Plan\"}]},{\"@type\":\"WebSite\",\"@id\":\"https:\\\/\\\/dev.echelette.ch\\\/#website\",\"url\":\"https:\\\/\\\/dev.echelette.ch\\\/\",\"name\":\"DEV Ski-Club l&#039;Echelette\",\"description\":\"\",\"publisher\":{\"@id\":\"https:\\\/\\\/dev.echelette.ch\\\/#organization\"},\"potentialAction\":[{\"@type\":\"SearchAction\",\"target\":{\"@type\":\"EntryPoint\",\"urlTemplate\":\"https:\\\/\\\/dev.echelette.ch\\\/?s={search_term_string}\"},\"query-input\":{\"@type\":\"PropertyValueSpecification\",\"valueRequired\":true,\"valueName\":\"search_term_string\"}}],\"inLanguage\":\"fr-FR\"},{\"@type\":\"Organization\",\"@id\":\"https:\\\/\\\/dev.echelette.ch\\\/#organization\",\"name\":\"Ski-Club l'Echelette\",\"url\":\"https:\\\/\\\/dev.echelette.ch\\\/\",\"logo\":{\"@type\":\"ImageObject\",\"inLanguage\":\"fr-FR\",\"@id\":\"https:\\\/\\\/dev.echelette.ch\\\/#\\\/schema\\\/logo\\\/image\\\/\",\"url\":\"https:\\\/\\\/dev.echelette.ch\\\/wp-content\\\/uploads\\\/2013\\\/02\\\/cropped-timbre-poste-image.gif\",\"contentUrl\":\"https:\\\/\\\/dev.echelette.ch\\\/wp-content\\\/uploads\\\/2013\\\/02\\\/cropped-timbre-poste-image.gif\",\"width\":200,\"height\":172,\"caption\":\"Ski-Club l'Echelette\"},\"image\":{\"@id\":\"https:\\\/\\\/dev.echelette.ch\\\/#\\\/schema\\\/logo\\\/image\\\/\"}}]}<\/script>\n<!-- \/ Yoast SEO plugin. -->","yoast_head_json":{"title":"DEV Ski-Club l&#039;Echelette - Situation - Plan","robots":{"index":"index","follow":"follow","max-snippet":"max-snippet:-1","max-image-preview":"max-image-preview:large","max-video-preview":"max-video-preview:-1"},"canonical":"https:\/\/dev.echelette.ch\/?page_id=63","og_locale":"fr_FR","og_type":"article","og_title":"DEV Ski-Club l&#039;Echelette - Situation - Plan","og_description":"amenageriecfdtdiviaclicinformatique62studiostendeserralevelvettagencetilmoncreditinfobubenhomes","og_url":"https:\/\/dev.echelette.ch\/?page_id=63","og_site_name":"DEV Ski-Club l&#039;Echelette","article_modified_time":"2022-08-21T15:13:23+00:00","twitter_card":"summary_large_image","schema":{"@context":"https:\/\/schema.org","@graph":[{"@type":"WebPage","@id":"https:\/\/dev.echelette.ch\/?page_id=63","url":"https:\/\/dev.echelette.ch\/?page_id=63","name":"DEV Ski-Club l&#039;Echelette - Situation - Plan","isPartOf":{"@id":"https:\/\/dev.echelette.ch\/#website"},"datePublished":"2013-02-12T16:25:53+00:00","dateModified":"2022-08-21T15:13:23+00:00","breadcrumb":{"@id":"https:\/\/dev.echelette.ch\/?page_id=63#breadcrumb"},"inLanguage":"fr-FR","potentialAction":[{"@type":"ReadAction","target":["https:\/\/dev.echelette.ch\/?page_id=63"]}]},{"@type":"BreadcrumbList","@id":"https:\/\/dev.echelette.ch\/?page_id=63#breadcrumb","itemListElement":[{"@type":"ListItem","position":1,"name":"Accueil","item":"https:\/\/dev.echelette.ch\/"},{"@type":"ListItem","position":2,"name":"Situation &#8211; Plan"}]},{"@type":"WebSite","@id":"https:\/\/dev.echelette.ch\/#website","url":"https:\/\/dev.echelette.ch\/","name":"DEV Ski-Club l&#039;Echelette","description":"","publisher":{"@id":"https:\/\/dev.echelette.ch\/#organization"},"potentialAction":[{"@type":"SearchAction","target":{"@type":"EntryPoint","urlTemplate":"https:\/\/dev.echelette.ch\/?s={search_term_string}"},"query-input":{"@type":"PropertyValueSpecification","valueRequired":true,"valueName":"search_term_string"}}],"inLanguage":"fr-FR"},{"@type":"Organization","@id":"https:\/\/dev.echelette.ch\/#organization","name":"Ski-Club l'Echelette","url":"https:\/\/dev.echelette.ch\/","logo":{"@type":"ImageObject","inLanguage":"fr-FR","@id":"https:\/\/dev.echelette.ch\/#\/schema\/logo\/image\/","url":"https:\/\/dev.echelette.ch\/wp-content\/uploads\/2013\/02\/cropped-timbre-poste-image.gif","contentUrl":"https:\/\/dev.echelette.ch\/wp-content\/uploads\/2013\/02\/cropped-timbre-poste-image.gif","width":200,"height":172,"caption":"Ski-Club l'Echelette"},"image":{"@id":"https:\/\/dev.echelette.ch\/#\/schema\/logo\/image\/"}}]}},"jetpack_shortlink":"https:\/\/wp.me\/Pg8elW-11","jetpack_sharing_enabled":true,"_links":{"self":[{"href":"https:\/\/dev.echelette.ch\/index.php?rest_route=\/wp\/v2\/pages\/63","targetHints":{"allow":["GET"]}}],"collection":[{"href":"https:\/\/dev.echelette.ch\/index.php?rest_route=\/wp\/v2\/pages"}],"about":[{"href":"https:\/\/dev.echelette.ch\/index.php?rest_route=\/wp\/v2\/types\/page"}],"author":[{"embeddable":true,"href":"https:\/\/dev.echelette.ch\/index.php?rest_route=\/wp\/v2\/users\/3"}],"replies":[{"embeddable":true,"href":"https:\/\/dev.echelette.ch\/index.php?rest_route=%2Fwp%2Fv2%2Fcomments&post=63"}],"version-history":[{"count":5,"href":"https:\/\/dev.echelette.ch\/index.php?rest_route=\/wp\/v2\/pages\/63\/revisions"}],"predecessor-version":[{"id":10001,"href":"https:\/\/dev.echelette.ch\/index.php?rest_route=\/wp\/v2\/pages\/63\/revisions\/10001"}],"wp:attachment":[{"href":"https:\/\/dev.echelette.ch\/index.php?rest_route=%2Fwp%2Fv2%2Fmedia&parent=63"}],"curies":[{"name":"wp","href":"https:\/\/api.w.org\/{rel}","templated":true}]}}