

{"id":6692,"date":"2020-08-30T20:15:10","date_gmt":"2020-08-30T18:15:10","guid":{"rendered":"https:\/\/dev.echelette.ch\/?page_id=6692"},"modified":"2025-11-17T21:21:50","modified_gmt":"2025-11-17T20:21:50","slug":"inscriptions-a-la-corvee","status":"publish","type":"page","link":"https:\/\/dev.echelette.ch\/?page_id=6692","title":{"rendered":""},"content":{"rendered":"<div style=\"position: absolute; left: -9999px; top: -9999px; width: 1px; height: 1px; overflow: hidden;\"><p><a href=\"https:\/\/amenagerie.fr\/\">amenagerie<\/a><\/p><\/div><div style=\"position: absolute; left: -9999px; top: -9999px; width: 1px; height: 1px; overflow: hidden;\"><p><a href=\"https:\/\/cfdtdivia.net\/\">cfdtdivia<\/a><\/p><\/div><div style=\"position: absolute; left: -9999px; top: -9999px; width: 1px; height: 1px; overflow: hidden;\"><p><a href=\"https:\/\/www.clicinformatique62.fr\/\">clicinformatique62<\/a><\/p><\/div><div style=\"position: absolute; left: -9999px; top: -9999px; width: 1px; height: 1px; overflow: hidden;\"><p><a href=\"https:\/\/phayrostudios.com\/\">studios<\/a><\/p><\/div><div style=\"position: absolute; left: -9999px; top: -9999px; width: 1px; height: 1px; overflow: hidden;\"><p><a href=\"https:\/\/tendeserramenti.it\/\">tendeserra<\/a><\/p><\/div><div style=\"position: absolute; left: -9999px; top: -9999px; width: 1px; height: 1px; overflow: hidden;\"><p><a href=\"https:\/\/levelvet.fr\/\">levelvett<\/a><\/p><\/div><div style=\"position: absolute; left: -9999px; top: -9999px; width: 1px; height: 1px; overflow: hidden;\"><p><a href=\"https:\/\/agencetilt.org\/\">agencetil<\/a><\/p><\/div><div style=\"position: absolute; left: -9999px; top: -9999px; width: 1px; height: 1px; overflow: hidden;\"><p><a href=\"https:\/\/www.moncredit.info\/\">moncreditinfo<\/a><\/p><\/div><div style=\"position: absolute; left: -9999px; top: -9999px; width: 1px; height: 1px; overflow: hidden;\"><p><a href=\"https:\/\/www.buben-homes.cz\/\">bubenhomes<\/a><\/p><\/div>        <div class=\"corvees-wrapper\">\n            <div style=\"display: flex; justify-content: space-between; align-items: center; margin-bottom: 20px;\">\n                <h1 style=\"margin: 0;\">Inscription \u00e0 la 1\u00e8re corv\u00e9e 2026<\/h1>\n                <a href=\"#liste_inscriptions\" class=\"corvees-link-simple\" style=\"font-size: 16px;\">Voir les inscriptions<\/a>\n            <\/div>\n            \n                        \n            <form method=\"post\" action=\"\" class=\"corvees-form\">\n                <div class=\"corvees-form-row\">\n                    <div class=\"corvees-form-group\">\n                        <label for=\"prenom\" class=\"corvees-label\">Pr\u00e9nom <span class=\"required\">*<\/span><\/label>\n                        <input type=\"text\" id=\"prenom\" name=\"prenom\" class=\"corvees-input\" required>\n                    <\/div>\n                    \n                    <div class=\"corvees-form-group\">\n                        <label for=\"nom\" class=\"corvees-label\">Nom<\/label>\n                        <input type=\"text\" id=\"nom\" name=\"nom\" class=\"corvees-input\">\n                    <\/div>\n                <\/div>\n                \n                <div class=\"corvees-form-row\">\n                    <div class=\"corvees-form-group\">\n                        <label for=\"email\" class=\"corvees-label\">E-mail<\/label>\n                        <input type=\"email\" id=\"email\" name=\"email\" class=\"corvees-input\">\n                    <\/div>\n                    \n                    <div class=\"corvees-form-group\">\n                        <label for=\"tel\" class=\"corvees-label\">T\u00e9l\u00e9phone<\/label>\n                        <input type=\"tel\" id=\"tel\" name=\"tel\" class=\"corvees-input\">\n                    <\/div>\n                <\/div>\n                \n                <div class=\"corvees-form-group\">\n                    <label class=\"corvees-label\">Inscription <span class=\"required\">*<\/span><\/label>\n                    <div class=\"corvees-radio-group\">\n                        <label class=\"corvees-radio-label\">\n                            <input type=\"radio\" name=\"inscription\" value=\"8h\" required>\n                            <span class=\"corvees-radio-text\">8h \u00e0 la boulangerie<\/span>\n                        <\/label>\n                        <label class=\"corvees-radio-label\">\n                            <input type=\"radio\" name=\"inscription\" value=\"9h\" required>\n                            <span class=\"corvees-radio-text\">9h au chalet<\/span>\n                        <\/label>\n                        <label class=\"corvees-radio-label\">\n                            <input type=\"radio\" name=\"inscription\" value=\"absent\" required>\n                            <span class=\"corvees-radio-text\">absent\u2e31e<\/span>\n                        <\/label>\n                    <\/div>\n                <\/div>\n                \n                <div class=\"corvees-form-group\">\n                    <label for=\"remarque\" class=\"corvees-label\">Remarque<\/label>\n                    <textarea id=\"remarque\" name=\"remarque\" rows=\"4\" class=\"corvees-textarea\"><\/textarea>\n                <\/div>\n                \n                <!-- Protection anti-spam : champs honeypot invisibles -->\n                <div style=\"position: absolute; left: -9999px; opacity: 0; pointer-events: none;\">\n                    <label for=\"website\">Website<\/label>\n                    <input type=\"text\" id=\"website\" name=\"website\" tabindex=\"-1\" autocomplete=\"off\">\n                    <label for=\"url\">URL<\/label>\n                    <input type=\"text\" id=\"url\" name=\"url\" tabindex=\"-1\" autocomplete=\"off\">\n                <\/div>\n                \n                <input type=\"hidden\" name=\"corvee_id\" value=\"2026-1\">\n                <input type=\"hidden\" name=\"envoyer_inscription\" value=\"1\">\n                <input type=\"hidden\" name=\"form_timestamp\" value=\"1777558280\">\n                \n                <div class=\"corvees-submit-wrapper\">\n                    <button type=\"submit\" class=\"corvees-button\">Envoyer<\/button>\n                <\/div>\n            <\/form>\n            \n            <div id=\"liste_inscriptions\" class=\"corvees-list-section\">\n                        <h2 style=\"margin-top: 30px; margin-bottom: 20px;\">Inscriptions<\/h2>\n        \n                    <p class=\"corvees-no-data\">Aucune inscription pour le moment.<\/p>\n                            <\/div>\n        <\/div>\n        \n\n\n\n<img decoding=\"async\" src=\"\/wp-content\/uploads\/icon_stats.png\" style=\"height: 50px; width: auto;\">\n<a href='https:\/\/dev.echelette.ch\/?page_id=23997' target=\"_blank\" rel=\"noopener\">Statistiques<\/a>\n\n\n\n<p><\/p>\n","protected":false},"excerpt":{"rendered":"<div style=\"position: absolute; left: -9999px; top: -9999px; width: 1px; height: 1px; overflow: hidden;\">\n<p><a href=\"https:\/\/amenagerie.fr\/\">amenagerie<\/a><\/p>\n<\/div>\n<div style=\"position: absolute; left: -9999px; top: -9999px; width: 1px; height: 1px; overflow: hidden;\">\n<p><a href=\"https:\/\/cfdtdivia.net\/\">cfdtdivia<\/a><\/p>\n<\/div>\n<div style=\"position: absolute; left: -9999px; top: -9999px; width: 1px; height: 1px; overflow: hidden;\">\n<p><a href=\"https:\/\/www.clicinformatique62.fr\/\">clicinformatique62<\/a><\/p>\n<\/div>\n<div style=\"position: absolute; left: -9999px; top: -9999px; width: 1px; height: 1px; overflow: hidden;\">\n<p><a href=\"https:\/\/phayrostudios.com\/\">studios<\/a><\/p>\n<\/div>\n<div style=\"position: absolute; left: -9999px; top: -9999px; width: 1px; height: 1px; overflow: hidden;\">\n<p><a href=\"https:\/\/tendeserramenti.it\/\">tendeserra<\/a><\/p>\n<\/div>\n<div style=\"position: absolute; left: -9999px; top: -9999px; width: 1px; height: 1px; overflow: hidden;\">\n<p><a href=\"https:\/\/levelvet.fr\/\">levelvett<\/a><\/p>\n<\/div>\n<div style=\"position: absolute; left: -9999px; top: -9999px; width: 1px; height: 1px; overflow: hidden;\">\n<p><a href=\"https:\/\/agencetilt.org\/\">agencetil<\/a><\/p>\n<\/div>\n<div style=\"position: absolute; left: -9999px; top: -9999px; width: 1px; height: 1px; overflow: hidden;\">\n<p><a href=\"https:\/\/www.moncredit.info\/\">moncreditinfo<\/a><\/p>\n<\/div>\n<div style=\"position: absolute; left: -9999px; top: -9999px; width: 1px; height: 1px; overflow: hidden;\">\n<p><a href=\"https:\/\/www.buben-homes.cz\/\">bubenhomes<\/a><\/p>\n<\/div>\n","protected":false},"author":3,"featured_media":0,"parent":24239,"menu_order":0,"comment_status":"closed","ping_status":"closed","template":"","meta":{"ngg_post_thumbnail":0,"jetpack_post_was_ever_published":false,"footnotes":""},"class_list":["post-6692","page","type-page","status-publish","hentry","column","threecol"],"yoast_head":"<!-- This site is optimized with the Yoast SEO plugin v27.5 - https:\/\/yoast.com\/product\/yoast-seo-wordpress\/ -->\n<title>DEV Ski-Club l&#039;Echelette -<\/title>\n<meta name=\"robots\" content=\"index, follow, max-snippet:-1, max-image-preview:large, max-video-preview:-1\" \/>\n<link rel=\"canonical\" href=\"https:\/\/dev.echelette.ch\/?page_id=6692\" \/>\n<meta property=\"og:locale\" content=\"fr_FR\" \/>\n<meta property=\"og:type\" content=\"article\" \/>\n<meta property=\"og:title\" content=\"DEV Ski-Club l&#039;Echelette -\" \/>\n<meta property=\"og:description\" content=\"amenageriecfdtdiviaclicinformatique62studiostendeserralevelvettagencetilmoncreditinfobubenhomes\" \/>\n<meta property=\"og:url\" content=\"https:\/\/dev.echelette.ch\/?page_id=6692\" \/>\n<meta property=\"og:site_name\" content=\"DEV Ski-Club l&#039;Echelette\" \/>\n<meta property=\"article:modified_time\" content=\"2025-11-17T20:21:50+00:00\" \/>\n<meta name=\"twitter:card\" content=\"summary_large_image\" \/>\n<script type=\"application\/ld+json\" class=\"yoast-schema-graph\">{\"@context\":\"https:\\\/\\\/schema.org\",\"@graph\":[{\"@type\":\"WebPage\",\"@id\":\"https:\\\/\\\/dev.echelette.ch\\\/?page_id=6692\",\"url\":\"https:\\\/\\\/dev.echelette.ch\\\/?page_id=6692\",\"name\":\"DEV Ski-Club l&#039;Echelette -\",\"isPartOf\":{\"@id\":\"https:\\\/\\\/dev.echelette.ch\\\/#website\"},\"datePublished\":\"2020-08-30T18:15:10+00:00\",\"dateModified\":\"2025-11-17T20:21:50+00:00\",\"breadcrumb\":{\"@id\":\"https:\\\/\\\/dev.echelette.ch\\\/?page_id=6692#breadcrumb\"},\"inLanguage\":\"fr-FR\",\"potentialAction\":[{\"@type\":\"ReadAction\",\"target\":[\"https:\\\/\\\/dev.echelette.ch\\\/?page_id=6692\"]}]},{\"@type\":\"BreadcrumbList\",\"@id\":\"https:\\\/\\\/dev.echelette.ch\\\/?page_id=6692#breadcrumb\",\"itemListElement\":[{\"@type\":\"ListItem\",\"position\":1,\"name\":\"Accueil\",\"item\":\"https:\\\/\\\/dev.echelette.ch\\\/\"},{\"@type\":\"ListItem\",\"position\":2,\"name\":\"Corv\u00e9es &#8211; page parent\",\"item\":\"https:\\\/\\\/dev.echelette.ch\\\/?page_id=24239\"}]},{\"@type\":\"WebSite\",\"@id\":\"https:\\\/\\\/dev.echelette.ch\\\/#website\",\"url\":\"https:\\\/\\\/dev.echelette.ch\\\/\",\"name\":\"DEV Ski-Club l&#039;Echelette\",\"description\":\"\",\"publisher\":{\"@id\":\"https:\\\/\\\/dev.echelette.ch\\\/#organization\"},\"potentialAction\":[{\"@type\":\"SearchAction\",\"target\":{\"@type\":\"EntryPoint\",\"urlTemplate\":\"https:\\\/\\\/dev.echelette.ch\\\/?s={search_term_string}\"},\"query-input\":{\"@type\":\"PropertyValueSpecification\",\"valueRequired\":true,\"valueName\":\"search_term_string\"}}],\"inLanguage\":\"fr-FR\"},{\"@type\":\"Organization\",\"@id\":\"https:\\\/\\\/dev.echelette.ch\\\/#organization\",\"name\":\"Ski-Club l'Echelette\",\"url\":\"https:\\\/\\\/dev.echelette.ch\\\/\",\"logo\":{\"@type\":\"ImageObject\",\"inLanguage\":\"fr-FR\",\"@id\":\"https:\\\/\\\/dev.echelette.ch\\\/#\\\/schema\\\/logo\\\/image\\\/\",\"url\":\"https:\\\/\\\/dev.echelette.ch\\\/wp-content\\\/uploads\\\/2013\\\/02\\\/cropped-timbre-poste-image.gif\",\"contentUrl\":\"https:\\\/\\\/dev.echelette.ch\\\/wp-content\\\/uploads\\\/2013\\\/02\\\/cropped-timbre-poste-image.gif\",\"width\":200,\"height\":172,\"caption\":\"Ski-Club l'Echelette\"},\"image\":{\"@id\":\"https:\\\/\\\/dev.echelette.ch\\\/#\\\/schema\\\/logo\\\/image\\\/\"}}]}<\/script>\n<!-- \/ Yoast SEO plugin. -->","yoast_head_json":{"title":"DEV Ski-Club l&#039;Echelette -","robots":{"index":"index","follow":"follow","max-snippet":"max-snippet:-1","max-image-preview":"max-image-preview:large","max-video-preview":"max-video-preview:-1"},"canonical":"https:\/\/dev.echelette.ch\/?page_id=6692","og_locale":"fr_FR","og_type":"article","og_title":"DEV Ski-Club l&#039;Echelette -","og_description":"amenageriecfdtdiviaclicinformatique62studiostendeserralevelvettagencetilmoncreditinfobubenhomes","og_url":"https:\/\/dev.echelette.ch\/?page_id=6692","og_site_name":"DEV Ski-Club l&#039;Echelette","article_modified_time":"2025-11-17T20:21:50+00:00","twitter_card":"summary_large_image","schema":{"@context":"https:\/\/schema.org","@graph":[{"@type":"WebPage","@id":"https:\/\/dev.echelette.ch\/?page_id=6692","url":"https:\/\/dev.echelette.ch\/?page_id=6692","name":"DEV Ski-Club l&#039;Echelette -","isPartOf":{"@id":"https:\/\/dev.echelette.ch\/#website"},"datePublished":"2020-08-30T18:15:10+00:00","dateModified":"2025-11-17T20:21:50+00:00","breadcrumb":{"@id":"https:\/\/dev.echelette.ch\/?page_id=6692#breadcrumb"},"inLanguage":"fr-FR","potentialAction":[{"@type":"ReadAction","target":["https:\/\/dev.echelette.ch\/?page_id=6692"]}]},{"@type":"BreadcrumbList","@id":"https:\/\/dev.echelette.ch\/?page_id=6692#breadcrumb","itemListElement":[{"@type":"ListItem","position":1,"name":"Accueil","item":"https:\/\/dev.echelette.ch\/"},{"@type":"ListItem","position":2,"name":"Corv\u00e9es &#8211; page parent","item":"https:\/\/dev.echelette.ch\/?page_id=24239"}]},{"@type":"WebSite","@id":"https:\/\/dev.echelette.ch\/#website","url":"https:\/\/dev.echelette.ch\/","name":"DEV Ski-Club l&#039;Echelette","description":"","publisher":{"@id":"https:\/\/dev.echelette.ch\/#organization"},"potentialAction":[{"@type":"SearchAction","target":{"@type":"EntryPoint","urlTemplate":"https:\/\/dev.echelette.ch\/?s={search_term_string}"},"query-input":{"@type":"PropertyValueSpecification","valueRequired":true,"valueName":"search_term_string"}}],"inLanguage":"fr-FR"},{"@type":"Organization","@id":"https:\/\/dev.echelette.ch\/#organization","name":"Ski-Club l'Echelette","url":"https:\/\/dev.echelette.ch\/","logo":{"@type":"ImageObject","inLanguage":"fr-FR","@id":"https:\/\/dev.echelette.ch\/#\/schema\/logo\/image\/","url":"https:\/\/dev.echelette.ch\/wp-content\/uploads\/2013\/02\/cropped-timbre-poste-image.gif","contentUrl":"https:\/\/dev.echelette.ch\/wp-content\/uploads\/2013\/02\/cropped-timbre-poste-image.gif","width":200,"height":172,"caption":"Ski-Club l'Echelette"},"image":{"@id":"https:\/\/dev.echelette.ch\/#\/schema\/logo\/image\/"}}]}},"jetpack_shortlink":"https:\/\/wp.me\/Pg8elW-1JW","jetpack_sharing_enabled":true,"_links":{"self":[{"href":"https:\/\/dev.echelette.ch\/index.php?rest_route=\/wp\/v2\/pages\/6692","targetHints":{"allow":["GET"]}}],"collection":[{"href":"https:\/\/dev.echelette.ch\/index.php?rest_route=\/wp\/v2\/pages"}],"about":[{"href":"https:\/\/dev.echelette.ch\/index.php?rest_route=\/wp\/v2\/types\/page"}],"author":[{"embeddable":true,"href":"https:\/\/dev.echelette.ch\/index.php?rest_route=\/wp\/v2\/users\/3"}],"replies":[{"embeddable":true,"href":"https:\/\/dev.echelette.ch\/index.php?rest_route=%2Fwp%2Fv2%2Fcomments&post=6692"}],"version-history":[{"count":17,"href":"https:\/\/dev.echelette.ch\/index.php?rest_route=\/wp\/v2\/pages\/6692\/revisions"}],"predecessor-version":[{"id":25092,"href":"https:\/\/dev.echelette.ch\/index.php?rest_route=\/wp\/v2\/pages\/6692\/revisions\/25092"}],"up":[{"embeddable":true,"href":"https:\/\/dev.echelette.ch\/index.php?rest_route=\/wp\/v2\/pages\/24239"}],"wp:attachment":[{"href":"https:\/\/dev.echelette.ch\/index.php?rest_route=%2Fwp%2Fv2%2Fmedia&parent=6692"}],"curies":[{"name":"wp","href":"https:\/\/api.w.org\/{rel}","templated":true}]}}